{"id":668,"date":"2026-03-25T15:37:24","date_gmt":"2026-03-25T14:37:24","guid":{"rendered":"https:\/\/lkw-aufstiegshilfe.de\/mentions-legales\/"},"modified":"2026-04-17T13:59:49","modified_gmt":"2026-04-17T11:59:49","slug":"mentions-legales","status":"publish","type":"page","link":"https:\/\/lkw-aufstiegshilfe.de\/fr\/mentions-legales\/","title":{"rendered":"Mentions l\u00e9gales"},"content":{"rendered":"<div class=\"et_pb_section_0 et_pb_section et_section_regular et_flex_section\"><\/div>\n\n<div class=\"et_pb_section_1 et_pb_section et_section_regular et_flex_section\">\n<div class=\"et_pb_row_0 et_pb_row et_flex_row\">\n<div class=\"et_pb_column_0 et_pb_column et-last-child et_flex_column et_pb_css_mix_blend_mode_passthrough et_flex_column_24_24 et_flex_column_24_24_tablet et_flex_column_24_24_phone\">\n<div class=\"et_pb_text_0 et_pb_text et_pb_bg_layout_light et_pb_module et_flex_module\"><div class=\"et_pb_text_inner\"><h1 class=\"color-primary\" style=\"text-align: center;\">Mentions l\u00e9gales<\/h1>\n<\/div><\/div>\n<\/div>\n<\/div>\n<\/div>\n\n<div class=\"et_pb_section_2 et_pb_section et_section_regular et_flex_section\">\n<div class=\"et_pb_row_1 et_pb_row et_flex_row\">\n<div class=\"et_pb_column_1 et_pb_column et-last-child et_flex_column et_pb_css_mix_blend_mode_passthrough et_flex_column_24_24 et_flex_column_24_24_tablet et_flex_column_24_24_phone\">\n<div class=\"et_pb_text_1 et_pb_text et_pb_bg_layout_light et_pb_module et_flex_module\"><div class=\"et_pb_text_inner\"><div class=\"et_pb_column et_pb_column_4_4 et_pb_column_1 et_pb_css_mix_blend_mode_passthrough et-last-child\">\n<div class=\"et_pb_module et_pb_text et_pb_text_1 et_pb_text_align_left et_pb_bg_layout_light\">\n<div class=\"et_pb_text_inner\">\n<p>Feinwerk Technologies GmbH<br \/>Zunftstr. 20<br \/>77694 Kehl-Marlen<\/p>\n<p>Repr\u00e9sent\u00e9e par :<br \/>Dominik Obert<br \/>Sascha Raither<\/p>\n<p>Telefon: 078541860<br \/>E-Mail: info@feinwerk-technologies.de<\/p>\n<p>Registergericht: Freiburg<br \/>Registernummer: HRB723181<\/p>\n<h3>Responsabilit\u00e9 relative au contenu<\/h3>\n<p>En tant que prestataire de services, nous sommes soumis, conform\u00e9ment \u00e0 l'article 7, paragraphe 1, Conform\u00e9ment \u00e0 la loi allemande sur les t\u00e9l\u00e9m\u00e9dias (TMG), nous sommes responsables des contenus que nous publions sur ces pages, conform\u00e9ment \u00e0 la l\u00e9gislation g\u00e9n\u00e9rale. Conform\u00e9ment aux articles 8 \u00e0 10 de la loi allemande sur les t\u00e9l\u00e9m\u00e9dias (TMG), nous ne sommes toutefois pas tenus, en tant que prestataire de services, de surveiller les informations transmises ou stock\u00e9es par des tiers, ni de rechercher des circonstances laissant supposer l'existence d'une activit\u00e9 illicite. Les obligations de supprimer ou de bloquer l'acc\u00e8s \u00e0 des informations en vertu des dispositions l\u00e9gales g\u00e9n\u00e9rales n'en sont pas affect\u00e9es. Une responsabilit\u00e9 \u00e0 cet \u00e9gard n'est toutefois engag\u00e9e qu'\u00e0 compter du moment o\u00f9 une violation concr\u00e8te est constat\u00e9e. D\u00e8s que nous aurons connaissance de telles violations, nous supprimerons imm\u00e9diatement ces contenus.<\/p>\n<h3>Responsabilit\u00e9 relative aux liens<\/h3>\n<p>Notre site contient des liens vers des sites web externes appartenant \u00e0 des tiers, sur lesquels nous n'avons aucune influence. C'est pourquoi nous ne pouvons assumer aucune responsabilit\u00e9 quant \u00e0 ces contenus externes. La responsabilit\u00e9 du contenu des pages vers lesquelles renvoient les liens incombe toujours \u00e0 leur fournisseur ou exploitant respectif. Les pages vers lesquelles renvoient ces liens ont \u00e9t\u00e9 v\u00e9rifi\u00e9es au moment de la cr\u00e9ation des liens afin de s'assurer qu'elles ne comportaient pas d'\u00e9ventuelles infractions \u00e0 la loi. Aucun contenu illicite n'\u00e9tait identifiable au moment de la cr\u00e9ation du lien. Il n'est toutefois pas raisonnable d'exiger un contr\u00f4le permanent du contenu des pages vers lesquelles renvoient ces liens en l'absence d'indices concrets d'une violation de la loi. D\u00e8s que nous aurons connaissance d'une violation du droit, nous supprimerons imm\u00e9diatement ces liens.<\/p>\n<h3>Droit d'auteur<\/h3>\n<p>Les contenus et les \u0153uvres publi\u00e9s sur ce site par les exploitants du site sont soumis au droit d'auteur allemand. La reproduction, l'adaptation, la diffusion et toute autre forme d'exploitation en dehors des limites du droit d'auteur n\u00e9cessitent l'accord \u00e9crit de l'auteur ou du cr\u00e9ateur concern\u00e9. Les t\u00e9l\u00e9chargements et les copies de cette page ne sont autoris\u00e9s qu'\u00e0 des fins priv\u00e9es et non commerciales. Dans la mesure o\u00f9 les contenus de ce site n'ont pas \u00e9t\u00e9 cr\u00e9\u00e9s par l'exploitant, les droits d'auteur de tiers sont respect\u00e9s. Les contenus provenant de tiers sont notamment signal\u00e9s comme tels. Si vous constatez n\u00e9anmoins une violation du droit d'auteur, nous vous prions de bien vouloir nous en informer. D\u00e8s que nous aurons connaissance d'une violation du droit, nous supprimerons imm\u00e9diatement les contenus concern\u00e9s.<\/p>\n<h3>R\u00e9alisation \/ Photos \/ Vid\u00e9o<\/h3>\n<p><a href=\"https:\/\/www.kopfmedia.de\" target=\"_blank\" rel=\"noopener\">KOPF MEDIA GmbH<\/a><\/p>\n<\/div>\n<\/div>\n<\/div>\n<\/div><\/div>\n<\/div>\n<\/div>\n<\/div>","protected":false},"excerpt":{"rendered":"","protected":false},"author":1,"featured_media":0,"parent":0,"menu_order":0,"comment_status":"closed","ping_status":"closed","template":"","meta":{"_acf_changed":false,"inline_featured_image":false,"footnotes":""},"class_list":["post-668","page","type-page","status-publish","hentry"],"acf":[],"tag_names":[],"category_names":[],"thumbnail":false,"_links":{"self":[{"href":"https:\/\/lkw-aufstiegshilfe.de\/fr\/wp-json\/wp\/v2\/pages\/668","targetHints":{"allow":["GET"]}}],"collection":[{"href":"https:\/\/lkw-aufstiegshilfe.de\/fr\/wp-json\/wp\/v2\/pages"}],"about":[{"href":"https:\/\/lkw-aufstiegshilfe.de\/fr\/wp-json\/wp\/v2\/types\/page"}],"author":[{"embeddable":true,"href":"https:\/\/lkw-aufstiegshilfe.de\/fr\/wp-json\/wp\/v2\/users\/1"}],"replies":[{"embeddable":true,"href":"https:\/\/lkw-aufstiegshilfe.de\/fr\/wp-json\/wp\/v2\/comments?post=668"}],"version-history":[{"count":2,"href":"https:\/\/lkw-aufstiegshilfe.de\/fr\/wp-json\/wp\/v2\/pages\/668\/revisions"}],"predecessor-version":[{"id":740,"href":"https:\/\/lkw-aufstiegshilfe.de\/fr\/wp-json\/wp\/v2\/pages\/668\/revisions\/740"}],"wp:attachment":[{"href":"https:\/\/lkw-aufstiegshilfe.de\/fr\/wp-json\/wp\/v2\/media?parent=668"}],"curies":[{"name":"wp","href":"https:\/\/api.w.org\/{rel}","templated":true}]}}